{"id":10,"date":"2016-08-07T22:26:40","date_gmt":"2016-08-07T20:26:40","guid":{"rendered":"http:\/\/zierra.de\/?page_id=10"},"modified":"2026-02-04T13:33:42","modified_gmt":"2026-02-04T12:33:42","slug":"home","status":"publish","type":"page","link":"https:\/\/zierra.de\/","title":{"rendered":"Home"},"content":{"rendered":"<p>&nbsp;<\/p>\n<p style=\"text-align: center;\">Zierra.de ist ein IT-Projekt der<\/p>\n<p style=\"text-align: center;\">Athenaris GmbH<br \/>\nPappelweg 8<br \/>\n65599 Dornburg<br \/>\nE-Mail: kontakt@athenaris.org<br \/>\nTelefon: (02151) 4462422<\/p>\n<p style=\"text-align: center;\">Gesch\u00e4ftsf\u00fchrerin: Rebekka Aigner-Carmichael<br \/>\nHandelsregister Krefeld: HRB 19192<br \/>\nGr\u00fcndung: 28. Juni 2022<br \/>\nFinanzamt Krefeld<br \/>\nUSt-IdNr.: DE355378880<\/p>\n<p>&nbsp;<\/p>\n<p>&nbsp;<\/p>\n","protected":false},"excerpt":{"rendered":"<p>&nbsp; Zierra.de ist ein IT-Projekt der Athenaris GmbH Pappelweg 8 65599 Dornburg E-Mail: kontakt@athenaris.org Telefon: (02151) 4462422 Gesch\u00e4ftsf\u00fchrerin: Rebekka Aigner-Carmichael Handelsregister Krefeld: HRB 19192 Gr\u00fcndung: 28. Juni 2022 Finanzamt Krefeld USt-IdNr.: DE355378880 &nbsp; &nbsp;<\/p>\n","protected":false},"author":1,"featured_media":0,"parent":0,"menu_order":0,"comment_status":"closed","ping_status":"closed","template":"","meta":{"_acf_changed":false,"_et_pb_use_builder":"","_et_pb_old_content":"","_et_gb_content_width":"","footnotes":""},"class_list":["post-10","page","type-page","status-publish","hentry"],"acf":[],"_links":{"self":[{"href":"https:\/\/zierra.de\/index.php?rest_route=\/wp\/v2\/pages\/10","targetHints":{"allow":["GET"]}}],"collection":[{"href":"https:\/\/zierra.de\/index.php?rest_route=\/wp\/v2\/pages"}],"about":[{"href":"https:\/\/zierra.de\/index.php?rest_route=\/wp\/v2\/types\/page"}],"author":[{"embeddable":true,"href":"https:\/\/zierra.de\/index.php?rest_route=\/wp\/v2\/users\/1"}],"replies":[{"embeddable":true,"href":"https:\/\/zierra.de\/index.php?rest_route=%2Fwp%2Fv2%2Fcomments&post=10"}],"version-history":[{"count":17,"href":"https:\/\/zierra.de\/index.php?rest_route=\/wp\/v2\/pages\/10\/revisions"}],"predecessor-version":[{"id":260,"href":"https:\/\/zierra.de\/index.php?rest_route=\/wp\/v2\/pages\/10\/revisions\/260"}],"wp:attachment":[{"href":"https:\/\/zierra.de\/index.php?rest_route=%2Fwp%2Fv2%2Fmedia&parent=10"}],"curies":[{"name":"wp","href":"https:\/\/api.w.org\/{rel}","templated":true}]}}